{"id":2059,"date":"2023-08-15T10:07:12","date_gmt":"2023-08-15T13:07:12","guid":{"rendered":"https:\/\/literat.com.ar\/?page_id=2059"},"modified":"2024-09-30T12:48:58","modified_gmt":"2024-09-30T15:48:58","slug":"evolutive-system","status":"publish","type":"page","link":"https:\/\/literat.com.ar\/index.php\/evolutive-system\/","title":{"rendered":"Evolutive System"},"content":{"rendered":"\t\t<div data-elementor-type=\"wp-page\" data-elementor-id=\"2059\" class=\"elementor elementor-2059\">\n\t\t\t\t\t\t<section class=\"elementor-section elementor-top-section elementor-element elementor-element-62a98f7 elementor-section-boxed elementor-section-height-default elementor-section-height-default\" data-id=\"62a98f7\" data-element_type=\"section\">\n\t\t\t\t\t\t<div class=\"elementor-container elementor-column-gap-default\">\n\t\t\t\t\t<div class=\"elementor-column elementor-col-100 elementor-top-column elementor-element elementor-element-b2f464e\" data-id=\"b2f464e\" data-element_type=\"column\">\n\t\t\t<div class=\"elementor-widget-wrap elementor-element-populated\">\n\t\t\t\t\t\t<div class=\"elementor-element elementor-element-ece36dd elementor-widget elementor-widget-spacer\" data-id=\"ece36dd\" data-element_type=\"widget\" data-widget_type=\"spacer.default\">\n\t\t\t\t<div class=\"elementor-widget-container\">\n\t\t\t\t\t\t\t<div class=\"elementor-spacer\">\n\t\t\t<div class=\"elementor-spacer-inner\"><\/div>\n\t\t<\/div>\n\t\t\t\t\t\t<\/div>\n\t\t\t\t<\/div>\n\t\t\t\t<div class=\"elementor-element elementor-element-905c4fd elementor-widget elementor-widget-heading\" data-id=\"905c4fd\" data-element_type=\"widget\" data-widget_type=\"heading.default\">\n\t\t\t\t<div class=\"elementor-widget-container\">\n\t\t\t\t\t<h2 class=\"elementor-heading-title elementor-size-default\">Evolutive System<\/h2>\t\t\t\t<\/div>\n\t\t\t\t<\/div>\n\t\t\t\t\t<\/div>\n\t\t<\/div>\n\t\t\t\t\t<\/div>\n\t\t<\/section>\n\t\t\t\t<section class=\"elementor-section elementor-top-section elementor-element elementor-element-8543cf2 elementor-section-boxed elementor-section-height-default elementor-section-height-default\" data-id=\"8543cf2\" data-element_type=\"section\">\n\t\t\t\t\t\t<div class=\"elementor-container elementor-column-gap-default\">\n\t\t\t\t\t<div class=\"elementor-column elementor-col-100 elementor-top-column elementor-element elementor-element-552528e\" data-id=\"552528e\" data-element_type=\"column\">\n\t\t\t<div class=\"elementor-widget-wrap elementor-element-populated\">\n\t\t\t\t\t\t<div class=\"elementor-element elementor-element-51290fa elementor-hidden-mobile elementor-widget elementor-widget-text-editor\" data-id=\"51290fa\" data-element_type=\"widget\" data-widget_type=\"text-editor.default\">\n\t\t\t\t<div class=\"elementor-widget-container\">\n\t\t\t\t\t\t\t\t\t<p align=\"justify\">A trav\u00e9s del\u00a0<strong>Evolutive System<\/strong>,\u00a0le ofrecemos a nuestros clientes una construcci\u00f3n por etapas, donde cada una corresponde a una obra terminada de acuerdo a sus necesidades y presupuesto del momento. Esto quiere decir que cada etapa finaliza con ambientes listos para ser utilizados y\/o habitados, est\u00e9ticos, confortables y seguros.<\/p><p align=\"justify\">Por medio de Evolutive System, les ofrecemos a nuestros clientes un proyecto completo que satisfaga todas las expectativas futuras que tengan en su vida familiar, profesional o empresarial.\u00a0\u00a0<span style=\"font-style: inherit; font-weight: inherit; background-color: var(--ast-global-color-4); color: var(--ast-global-color-3);\">Y \u00e9ste proyecto, que tal vez hoy no pueden construirlo en forma completa, pero en el futuro s\u00ed,\u00a0 nosotros lo dividimos en 2, 3 o 4 etapas de modo que hoy construyamos la 1ra. necesaria, con el presupuesto disponible.<\/span><\/p><p align=\"justify\">Est\u00e1 pensado de tal manera que la construcci\u00f3n de etapas siguientes no afecte el desenvolvimiento de las actividades en los ambientes que ya est\u00e1n en uso. Cuando se construye una segunda o tercer etapa, ning\u00fan operario necesita entrar a trabajar en las anteriores y estos espacios se comunican una vez finalizados.<\/p>\t\t\t\t\t\t\t\t<\/div>\n\t\t\t\t<\/div>\n\t\t\t\t<div class=\"elementor-element elementor-element-c71c64e elementor-hidden-desktop elementor-hidden-tablet elementor-widget elementor-widget-text-editor\" data-id=\"c71c64e\" data-element_type=\"widget\" data-widget_type=\"text-editor.default\">\n\t\t\t\t<div class=\"elementor-widget-container\">\n\t\t\t\t\t\t\t\t\t<p align=\"justify\">A trav\u00e9s del&nbsp;<strong>Evolutive System<\/strong>,&nbsp;le ofrecemos a nuestros clientes una construcci\u00f3n por etapas, donde cada una corresponde a una obra terminada de acuerdo a sus necesidades y presupuesto del momento. Esto quiere decir que cada etapa finaliza con ambientes listos para ser utilizados y\/o habitados, est\u00e9ticos, confortables y seguros.<\/p><p align=\"justify\">Por medio de Evolutive System, les ofrecemos a nuestros clientes un proyecto completo que satisfaga todas las expectativas futuras que tengan en su vida familiar, profesional o empresarial.&nbsp;&nbsp;<span style=\"font-style: inherit; font-weight: inherit; background-color: initial; color: var(--ast-global-color-3);\">Y \u00e9ste proyecto, que tal vez hoy no pueden construirlo en forma completa, pero en el futuro s\u00ed,&nbsp; nosotros lo dividimos en 2, 3 o 4 etapas de modo que hoy construyamos la 1ra. necesaria<\/span><\/p>\n<p align=\"justify\">Est\u00e1 pensado de tal manera que la construcci\u00f3n de etapas siguientes no afecte el desenvolvimiento de las actividades en los ambientes que ya est\u00e1n en uso. Cuando se construye una segunda o tercer etapa, ning\u00fan operario necesita entrar a trabajar en las anteriores y estos espacios se comunican una vez finalizados.<\/p>\t\t\t\t\t\t\t\t<\/div>\n\t\t\t\t<\/div>\n\t\t\t\t\t<\/div>\n\t\t<\/div>\n\t\t\t\t\t<\/div>\n\t\t<\/section>\n\t\t\t\t<section class=\"elementor-section elementor-top-section elementor-element elementor-element-59c8eb7 elementor-section-boxed elementor-section-height-default elementor-section-height-default\" data-id=\"59c8eb7\" data-element_type=\"section\">\n\t\t\t\t\t\t<div class=\"elementor-container elementor-column-gap-default\">\n\t\t\t\t\t<div class=\"elementor-column elementor-col-100 elementor-top-column elementor-element elementor-element-ee2422c\" data-id=\"ee2422c\" data-element_type=\"column\">\n\t\t\t<div class=\"elementor-widget-wrap elementor-element-populated\">\n\t\t\t\t\t\t<div class=\"elementor-element elementor-element-6e1797d elementor-widget elementor-widget-heading\" data-id=\"6e1797d\" data-element_type=\"widget\" data-widget_type=\"heading.default\">\n\t\t\t\t<div class=\"elementor-widget-container\">\n\t\t\t\t\t<h2 class=\"elementor-heading-title elementor-size-default\">Ejemplos Reales Evolutive System<\/h2>\t\t\t\t<\/div>\n\t\t\t\t<\/div>\n\t\t\t\t\t<\/div>\n\t\t<\/div>\n\t\t\t\t\t<\/div>\n\t\t<\/section>\n\t\t\t\t<section class=\"elementor-section elementor-top-section elementor-element elementor-element-4bd8b04 elementor-section-boxed elementor-section-height-default elementor-section-height-default\" data-id=\"4bd8b04\" data-element_type=\"section\">\n\t\t\t\t\t\t<div class=\"elementor-container elementor-column-gap-default\">\n\t\t\t\t\t<div class=\"elementor-column elementor-col-100 elementor-top-column elementor-element elementor-element-61962c2\" data-id=\"61962c2\" data-element_type=\"column\">\n\t\t\t<div class=\"elementor-widget-wrap elementor-element-populated\">\n\t\t\t\t\t\t<div class=\"elementor-element elementor-element-3e95afa elementor-widget elementor-widget-heading\" data-id=\"3e95afa\" data-element_type=\"widget\" data-widget_type=\"heading.default\">\n\t\t\t\t<div class=\"elementor-widget-container\">\n\t\t\t\t\t<h2 class=\"elementor-heading-title elementor-size-default\">CEM<br>Centro de Especalidades Medicas<\/h2>\t\t\t\t<\/div>\n\t\t\t\t<\/div>\n\t\t\t\t\t<\/div>\n\t\t<\/div>\n\t\t\t\t\t<\/div>\n\t\t<\/section>\n\t\t\t\t<section class=\"elementor-section elementor-top-section elementor-element elementor-element-77a8134 elementor-section-boxed elementor-section-height-default elementor-section-height-default\" data-id=\"77a8134\" data-element_type=\"section\">\n\t\t\t\t\t\t<div class=\"elementor-container elementor-column-gap-default\">\n\t\t\t\t\t<div class=\"elementor-column elementor-col-100 elementor-top-column elementor-element elementor-element-8945ac2\" data-id=\"8945ac2\" data-element_type=\"column\">\n\t\t\t<div class=\"elementor-widget-wrap elementor-element-populated\">\n\t\t\t\t\t\t<div class=\"elementor-element elementor-element-c434072 elementor-widget elementor-widget-image\" data-id=\"c434072\" data-element_type=\"widget\" data-widget_type=\"image.default\">\n\t\t\t\t<div class=\"elementor-widget-container\">\n\t\t\t\t\t\t\t\t\t\t\t\t\t\t\t<img fetchpriority=\"high\" decoding=\"async\" width=\"1159\" height=\"1191\" src=\"https:\/\/literat.com.ar\/wp-content\/uploads\/2023\/08\/ipem.jpg\" class=\"attachment-full size-full wp-image-2066\" alt=\"\" srcset=\"https:\/\/literat.com.ar\/wp-content\/uploads\/2023\/08\/ipem.jpg 1159w, https:\/\/literat.com.ar\/wp-content\/uploads\/2023\/08\/ipem-292x300.jpg 292w, https:\/\/literat.com.ar\/wp-content\/uploads\/2023\/08\/ipem-996x1024.jpg 996w, https:\/\/literat.com.ar\/wp-content\/uploads\/2023\/08\/ipem-768x789.jpg 768w\" sizes=\"(max-width: 1159px) 100vw, 1159px\" \/>\t\t\t\t\t\t\t\t\t\t\t\t\t\t\t<\/div>\n\t\t\t\t<\/div>\n\t\t\t\t\t<\/div>\n\t\t<\/div>\n\t\t\t\t\t<\/div>\n\t\t<\/section>\n\t\t\t\t<section class=\"elementor-section elementor-top-section elementor-element elementor-element-b9b89df elementor-section-boxed elementor-section-height-default elementor-section-height-default\" data-id=\"b9b89df\" data-element_type=\"section\">\n\t\t\t\t\t\t<div class=\"elementor-container elementor-column-gap-default\">\n\t\t\t\t\t<div class=\"elementor-column elementor-col-100 elementor-top-column elementor-element elementor-element-5c4e581\" data-id=\"5c4e581\" data-element_type=\"column\">\n\t\t\t<div class=\"elementor-widget-wrap elementor-element-populated\">\n\t\t\t\t\t\t<div class=\"elementor-element elementor-element-00d1f19 elementor-widget elementor-widget-heading\" data-id=\"00d1f19\" data-element_type=\"widget\" data-widget_type=\"heading.default\">\n\t\t\t\t<div class=\"elementor-widget-container\">\n\t\t\t\t\t<h2 class=\"elementor-heading-title elementor-size-default\">Casa Literat<\/h2>\t\t\t\t<\/div>\n\t\t\t\t<\/div>\n\t\t\t\t\t<\/div>\n\t\t<\/div>\n\t\t\t\t\t<\/div>\n\t\t<\/section>\n\t\t\t\t<section class=\"elementor-section elementor-top-section elementor-element elementor-element-79352bd elementor-section-boxed elementor-section-height-default elementor-section-height-default\" data-id=\"79352bd\" data-element_type=\"section\">\n\t\t\t\t\t\t<div class=\"elementor-container elementor-column-gap-default\">\n\t\t\t\t\t<div class=\"elementor-column elementor-col-100 elementor-top-column elementor-element elementor-element-e56bb77\" data-id=\"e56bb77\" data-element_type=\"column\">\n\t\t\t<div class=\"elementor-widget-wrap elementor-element-populated\">\n\t\t\t\t\t\t<div class=\"elementor-element elementor-element-5321c54 elementor-widget elementor-widget-image\" data-id=\"5321c54\" data-element_type=\"widget\" data-widget_type=\"image.default\">\n\t\t\t\t<div class=\"elementor-widget-container\">\n\t\t\t\t\t\t\t\t\t\t\t\t\t\t\t<img decoding=\"async\" width=\"1191\" height=\"1383\" src=\"https:\/\/literat.com.ar\/wp-content\/uploads\/2023\/08\/casaliterat.jpg\" class=\"attachment-full size-full wp-image-2067\" alt=\"\" srcset=\"https:\/\/literat.com.ar\/wp-content\/uploads\/2023\/08\/casaliterat.jpg 1191w, https:\/\/literat.com.ar\/wp-content\/uploads\/2023\/08\/casaliterat-258x300.jpg 258w, https:\/\/literat.com.ar\/wp-content\/uploads\/2023\/08\/casaliterat-882x1024.jpg 882w, https:\/\/literat.com.ar\/wp-content\/uploads\/2023\/08\/casaliterat-768x892.jpg 768w\" sizes=\"(max-width: 1191px) 100vw, 1191px\" \/>\t\t\t\t\t\t\t\t\t\t\t\t\t\t\t<\/div>\n\t\t\t\t<\/div>\n\t\t\t\t\t<\/div>\n\t\t<\/div>\n\t\t\t\t\t<\/div>\n\t\t<\/section>\n\t\t\t\t<section class=\"elementor-section elementor-top-section elementor-element elementor-element-acfb53f elementor-section-boxed elementor-section-height-default elementor-section-height-default\" data-id=\"acfb53f\" data-element_type=\"section\">\n\t\t\t\t\t\t<div class=\"elementor-container elementor-column-gap-default\">\n\t\t\t\t\t<div class=\"elementor-column elementor-col-100 elementor-top-column elementor-element elementor-element-c7c72d9\" data-id=\"c7c72d9\" data-element_type=\"column\">\n\t\t\t<div class=\"elementor-widget-wrap elementor-element-populated\">\n\t\t\t\t\t\t<div class=\"elementor-element elementor-element-3c9a89e elementor-widget elementor-widget-heading\" data-id=\"3c9a89e\" data-element_type=\"widget\" data-widget_type=\"heading.default\">\n\t\t\t\t<div class=\"elementor-widget-container\">\n\t\t\t\t\t<h2 class=\"elementor-heading-title elementor-size-default\">Edificio Soremer<\/h2>\t\t\t\t<\/div>\n\t\t\t\t<\/div>\n\t\t\t\t\t<\/div>\n\t\t<\/div>\n\t\t\t\t\t<\/div>\n\t\t<\/section>\n\t\t\t\t<section class=\"elementor-section elementor-top-section elementor-element elementor-element-00921b0 elementor-section-boxed elementor-section-height-default elementor-section-height-default\" data-id=\"00921b0\" data-element_type=\"section\">\n\t\t\t\t\t\t<div class=\"elementor-container elementor-column-gap-default\">\n\t\t\t\t\t<div class=\"elementor-column elementor-col-100 elementor-top-column elementor-element elementor-element-1eed1ec\" data-id=\"1eed1ec\" data-element_type=\"column\">\n\t\t\t<div class=\"elementor-widget-wrap elementor-element-populated\">\n\t\t\t\t\t\t<div class=\"elementor-element elementor-element-32e0a0c elementor-widget elementor-widget-image\" data-id=\"32e0a0c\" data-element_type=\"widget\" data-widget_type=\"image.default\">\n\t\t\t\t<div class=\"elementor-widget-container\">\n\t\t\t\t\t\t\t\t\t\t\t\t\t\t\t<img decoding=\"async\" width=\"1191\" height=\"1562\" src=\"https:\/\/literat.com.ar\/wp-content\/uploads\/2023\/08\/soremer.jpg\" class=\"attachment-full size-full wp-image-2068\" alt=\"\" srcset=\"https:\/\/literat.com.ar\/wp-content\/uploads\/2023\/08\/soremer.jpg 1191w, https:\/\/literat.com.ar\/wp-content\/uploads\/2023\/08\/soremer-229x300.jpg 229w, https:\/\/literat.com.ar\/wp-content\/uploads\/2023\/08\/soremer-781x1024.jpg 781w, https:\/\/literat.com.ar\/wp-content\/uploads\/2023\/08\/soremer-768x1007.jpg 768w, https:\/\/literat.com.ar\/wp-content\/uploads\/2023\/08\/soremer-1171x1536.jpg 1171w\" sizes=\"(max-width: 1191px) 100vw, 1191px\" \/>\t\t\t\t\t\t\t\t\t\t\t\t\t\t\t<\/div>\n\t\t\t\t<\/div>\n\t\t\t\t\t<\/div>\n\t\t<\/div>\n\t\t\t\t\t<\/div>\n\t\t<\/section>\n\t\t\t\t<section class=\"elementor-section elementor-top-section elementor-element elementor-element-be490a1 elementor-section-boxed elementor-section-height-default elementor-section-height-default\" data-id=\"be490a1\" data-element_type=\"section\">\n\t\t\t\t\t\t<div class=\"elementor-container elementor-column-gap-default\">\n\t\t\t\t\t<div class=\"elementor-column elementor-col-100 elementor-top-column elementor-element elementor-element-256be68\" data-id=\"256be68\" data-element_type=\"column\">\n\t\t\t<div class=\"elementor-widget-wrap elementor-element-populated\">\n\t\t\t\t\t\t<div class=\"elementor-element elementor-element-ece6e73 elementor-widget elementor-widget-heading\" data-id=\"ece6e73\" data-element_type=\"widget\" data-widget_type=\"heading.default\">\n\t\t\t\t<div class=\"elementor-widget-container\">\n\t\t\t\t\t<h2 class=\"elementor-heading-title elementor-size-default\">Casa Ferreyra <\/h2>\t\t\t\t<\/div>\n\t\t\t\t<\/div>\n\t\t\t\t\t<\/div>\n\t\t<\/div>\n\t\t\t\t\t<\/div>\n\t\t<\/section>\n\t\t\t\t<section class=\"elementor-section elementor-top-section elementor-element elementor-element-440073f elementor-section-boxed elementor-section-height-default elementor-section-height-default\" data-id=\"440073f\" data-element_type=\"section\">\n\t\t\t\t\t\t<div class=\"elementor-container elementor-column-gap-default\">\n\t\t\t\t\t<div class=\"elementor-column elementor-col-100 elementor-top-column elementor-element elementor-element-aefee75\" data-id=\"aefee75\" data-element_type=\"column\">\n\t\t\t<div class=\"elementor-widget-wrap elementor-element-populated\">\n\t\t\t\t\t\t<div class=\"elementor-element elementor-element-0defda1 elementor-widget elementor-widget-image\" data-id=\"0defda1\" data-element_type=\"widget\" data-widget_type=\"image.default\">\n\t\t\t\t<div class=\"elementor-widget-container\">\n\t\t\t\t\t\t\t\t\t\t\t\t\t\t\t<img loading=\"lazy\" decoding=\"async\" width=\"1191\" height=\"1440\" src=\"https:\/\/literat.com.ar\/wp-content\/uploads\/2023\/08\/casaferreyra.jpg\" class=\"attachment-full size-full wp-image-2069\" alt=\"\" srcset=\"https:\/\/literat.com.ar\/wp-content\/uploads\/2023\/08\/casaferreyra.jpg 1191w, https:\/\/literat.com.ar\/wp-content\/uploads\/2023\/08\/casaferreyra-248x300.jpg 248w, https:\/\/literat.com.ar\/wp-content\/uploads\/2023\/08\/casaferreyra-847x1024.jpg 847w, https:\/\/literat.com.ar\/wp-content\/uploads\/2023\/08\/casaferreyra-768x929.jpg 768w\" sizes=\"(max-width: 1191px) 100vw, 1191px\" \/>\t\t\t\t\t\t\t\t\t\t\t\t\t\t\t<\/div>\n\t\t\t\t<\/div>\n\t\t\t\t\t<\/div>\n\t\t<\/div>\n\t\t\t\t\t<\/div>\n\t\t<\/section>\n\t\t\t\t<section class=\"elementor-section elementor-top-section elementor-element elementor-element-7bc8f2a3 elementor-section-content-middle elementor-section-boxed elementor-section-height-default elementor-section-height-default\" data-id=\"7bc8f2a3\" data-element_type=\"section\" data-settings=\"{&quot;background_background&quot;:&quot;classic&quot;}\">\n\t\t\t\t\t\t<div class=\"elementor-container elementor-column-gap-no\">\n\t\t\t\t\t<div class=\"elementor-column elementor-col-50 elementor-top-column elementor-element elementor-element-792c8341\" data-id=\"792c8341\" data-element_type=\"column\">\n\t\t\t<div class=\"elementor-widget-wrap elementor-element-populated\">\n\t\t\t\t\t\t<div class=\"elementor-element elementor-element-582c078e elementor-widget elementor-widget-heading\" data-id=\"582c078e\" data-element_type=\"widget\" data-widget_type=\"heading.default\">\n\t\t\t\t<div class=\"elementor-widget-container\">\n\t\t\t\t\t<h2 class=\"elementor-heading-title elementor-size-default\">\u00bfTE INTERESA NUESTRO EVOLUTIVE SYSTEM?<\/h2>\t\t\t\t<\/div>\n\t\t\t\t<\/div>\n\t\t\t\t<div class=\"elementor-element elementor-element-130ce9cb elementor-widget elementor-widget-text-editor\" data-id=\"130ce9cb\" data-element_type=\"widget\" data-widget_type=\"text-editor.default\">\n\t\t\t\t<div class=\"elementor-widget-container\">\n\t\t\t\t\t\t\t\t\t<p><b>Hablanos por llamada o a traves de nuestro whatsapp para obtener mas informacion<\/b><\/p>\t\t\t\t\t\t\t\t<\/div>\n\t\t\t\t<\/div>\n\t\t\t\t\t<\/div>\n\t\t<\/div>\n\t\t\t\t<div class=\"elementor-column elementor-col-50 elementor-top-column elementor-element elementor-element-76d976c8\" data-id=\"76d976c8\" data-element_type=\"column\">\n\t\t\t<div class=\"elementor-widget-wrap elementor-element-populated\">\n\t\t\t\t\t\t<div class=\"elementor-element elementor-element-3bfbf199 elementor-align-center elementor-mobile-align-left elementor-widget elementor-widget-button\" data-id=\"3bfbf199\" data-element_type=\"widget\" data-widget_type=\"button.default\">\n\t\t\t\t<div class=\"elementor-widget-container\">\n\t\t\t\t\t\t\t\t\t<div class=\"elementor-button-wrapper\">\n\t\t\t\t\t<a class=\"elementor-button elementor-button-link elementor-size-sm elementor-animation-grow\" href=\"https:\/\/wa.me\/+5493812198981\">\n\t\t\t\t\t\t<span class=\"elementor-button-content-wrapper\">\n\t\t\t\t\t\t<span class=\"elementor-button-icon\">\n\t\t\t\t<i aria-hidden=\"true\" class=\"fab fa-whatsapp\"><\/i>\t\t\t<\/span>\n\t\t\t\t\t\t\t\t\t<span class=\"elementor-button-text\">whatsapp<\/span>\n\t\t\t\t\t<\/span>\n\t\t\t\t\t<\/a>\n\t\t\t\t<\/div>\n\t\t\t\t\t\t\t\t<\/div>\n\t\t\t\t<\/div>\n\t\t\t\t\t<\/div>\n\t\t<\/div>\n\t\t\t\t\t<\/div>\n\t\t<\/section>\n\t\t\t\t<\/div>\n\t\t","protected":false},"excerpt":{"rendered":"<p>Evolutive System A trav\u00e9s del\u00a0Evolutive System,\u00a0le ofrecemos a nuestros clientes una construcci\u00f3n por etapas, donde cada una corresponde a una obra terminada de acuerdo a sus necesidades y presupuesto del momento. Esto quiere decir que cada etapa finaliza con ambientes listos para ser utilizados y\/o habitados, est\u00e9ticos, confortables y seguros. Por medio de Evolutive System, &hellip;<\/p>\n<p class=\"read-more\"> <a class=\"\" href=\"https:\/\/literat.com.ar\/index.php\/evolutive-system\/\"> <span class=\"screen-reader-text\">Evolutive System<\/span> Read More &raquo;<\/a><\/p>\n","protected":false},"author":1,"featured_media":0,"parent":0,"menu_order":0,"comment_status":"closed","ping_status":"closed","template":"","meta":{"site-sidebar-layout":"no-sidebar","site-content-layout":"page-builder","ast-site-content-layout":"","site-content-style":"default","site-sidebar-style":"default","ast-global-header-display":"","ast-banner-title-visibility":"","ast-main-header-display":"","ast-hfb-above-header-display":"","ast-hfb-below-header-display":"","ast-hfb-mobile-header-display":"","site-post-title":"disabled","ast-breadcrumbs-content":"","ast-featured-img":"disabled","footer-sml-layout":"","theme-transparent-header-meta":"","adv-header-id-meta":"","stick-header-meta":"","header-above-stick-meta":"","header-main-stick-meta":"","header-below-stick-meta":"","astra-migrate-meta-layouts":"default","ast-page-background-enabled":"default","ast-page-background-meta":{"desktop":{"background-color":"","background-image":"","background-repeat":"repeat","background-position":"center center","background-size":"auto","background-attachment":"scroll","background-type":"","background-media":"","overlay-type":"","overlay-color":"","overlay-gradient":""},"tablet":{"background-color":"","background-image":"","background-repeat":"repeat","background-position":"center center","background-size":"auto","background-attachment":"scroll","background-type":"","background-media":"","overlay-type":"","overlay-color":"","overlay-gradient":""},"mobile":{"background-color":"","background-image":"","background-repeat":"repeat","background-position":"center center","background-size":"auto","background-attachment":"scroll","background-type":"","background-media":"","overlay-type":"","overlay-color":"","overlay-gradient":""}},"ast-content-background-meta":{"desktop":{"background-color":"var(--ast-global-color-5)","background-image":"","background-repeat":"repeat","background-position":"center center","background-size":"auto","background-attachment":"scroll","background-type":"","background-media":"","overlay-type":"","overlay-color":"","overlay-gradient":""},"tablet":{"background-color":"var(--ast-global-color-5)","background-image":"","background-repeat":"repeat","background-position":"center center","background-size":"auto","background-attachment":"scroll","background-type":"","background-media":"","overlay-type":"","overlay-color":"","overlay-gradient":""},"mobile":{"background-color":"var(--ast-global-color-5)","background-image":"","background-repeat":"repeat","background-position":"center center","background-size":"auto","background-attachment":"scroll","background-type":"","background-media":"","overlay-type":"","overlay-color":"","overlay-gradient":""}},"footnotes":""},"_links":{"self":[{"href":"https:\/\/literat.com.ar\/index.php\/wp-json\/wp\/v2\/pages\/2059"}],"collection":[{"href":"https:\/\/literat.com.ar\/index.php\/wp-json\/wp\/v2\/pages"}],"about":[{"href":"https:\/\/literat.com.ar\/index.php\/wp-json\/wp\/v2\/types\/page"}],"author":[{"embeddable":true,"href":"https:\/\/literat.com.ar\/index.php\/wp-json\/wp\/v2\/users\/1"}],"replies":[{"embeddable":true,"href":"https:\/\/literat.com.ar\/index.php\/wp-json\/wp\/v2\/comments?post=2059"}],"version-history":[{"count":28,"href":"https:\/\/literat.com.ar\/index.php\/wp-json\/wp\/v2\/pages\/2059\/revisions"}],"predecessor-version":[{"id":2747,"href":"https:\/\/literat.com.ar\/index.php\/wp-json\/wp\/v2\/pages\/2059\/revisions\/2747"}],"wp:attachment":[{"href":"https:\/\/literat.com.ar\/index.php\/wp-json\/wp\/v2\/media?parent=2059"}],"curies":[{"name":"wp","href":"https:\/\/api.w.org\/{rel}","templated":true}]}}